{"id":1674,"date":"2024-03-20T18:00:18","date_gmt":"2024-03-20T18:00:18","guid":{"rendered":"https:\/\/spacecampvalencia.es\/?page_id=1674"},"modified":"2025-05-19T09:22:04","modified_gmt":"2025-05-19T09:22:04","slug":"solicitar-beca","status":"publish","type":"page","link":"https:\/\/spacecampvalencia.es\/en\/solicitar-beca","title":{"rendered":"Apply for Scholarship"},"content":{"rendered":"<div data-elementor-type=\"wp-page\" data-elementor-id=\"1674\" class=\"elementor elementor-1674\" data-elementor-post-type=\"page\">\n\t\t\t\t<div class=\"elementor-element elementor-element-bfd4745 e-flex e-con-boxed e-con e-parent\" data-id=\"bfd4745\" data-element_type=\"container\" data-e-type=\"container\" data-settings=\"{&quot;background_background&quot;:&quot;classic&quot;}\">\n\t\t\t\t\t<div class=\"e-con-inner\">\n\t\t\t\t<div class=\"elementor-element elementor-element-1d88416 elementor-widget elementor-widget-spacer\" data-id=\"1d88416\" data-element_type=\"widget\" data-e-type=\"widget\" data-widget_type=\"spacer.default\">\n\t\t\t\t<div class=\"elementor-widget-container\">\n\t\t\t\t\t\t\t<div class=\"elementor-spacer\">\n\t\t\t<div class=\"elementor-spacer-inner\"><\/div>\n\t\t<\/div>\n\t\t\t\t\t\t<\/div>\n\t\t\t\t<\/div>\n\t\t\t\t<div class=\"elementor-element elementor-element-160e4ecd elementor-widget elementor-widget-heading\" data-id=\"160e4ecd\" data-element_type=\"widget\" data-e-type=\"widget\" data-widget_type=\"heading.default\">\n\t\t\t\t<div class=\"elementor-widget-container\">\n\t\t\t\t\t<h1 class=\"elementor-heading-title elementor-size-default\">APPLY FOR SCHOLARSHIP<\/h1>\t\t\t\t<\/div>\n\t\t\t\t<\/div>\n\t\t\t\t<div class=\"elementor-element elementor-element-49b06f2d elementor-widget elementor-widget-heading\" data-id=\"49b06f2d\" data-element_type=\"widget\" data-e-type=\"widget\" data-widget_type=\"heading.default\">\n\t\t\t\t<div class=\"elementor-widget-container\">\n\t\t\t\t\t<h1 class=\"elementor-heading-title elementor-size-default\">APPLICATION PERIOD OPEN<\/h1>\t\t\t\t<\/div>\n\t\t\t\t<\/div>\n\t\t\t\t<div class=\"elementor-element elementor-element-3b051e55 elementor-hidden-desktop elementor-hidden-tablet elementor-hidden-mobile elementor-widget elementor-widget-text-editor\" data-id=\"3b051e55\" data-element_type=\"widget\" data-e-type=\"widget\" data-widget_type=\"text-editor.default\">\n\t\t\t\t<div class=\"elementor-widget-container\">\n\t\t\t\t\t\t\t\t\t<p>The deadline to apply for the scholarship and provide information was June 9 at 23:59 hours.<\/p><div dir=\"ltr\">Thank you for your interest in the Space Camp Valencia scholarship program.  Our goal is to foster inclusion, diversity and equal opportunity for the next generation of scientific and technological minds.<\/div><div dir=\"ltr\">\u00a0<\/div><div dir=\"ltr\">The people who will be part of the crew of Space Camp Valencia will be announced shortly through the sponsors' scholarships.<\/div><div dir=\"ltr\">\u00a0<\/div><div>If you have any additional questions or need more information, please don't hesitate to contact us - we are excited to have the opportunity to inspire you in the aerospace world!<\/div><p><!-- notionvc: 71bac361-70dd-488e-9679-199f4afb6312 --><\/p>\t\t\t\t\t\t\t\t<\/div>\n\t\t\t\t<\/div>\n\t\t\t\t<div class=\"elementor-element elementor-element-b6ee278 elementor-widget__width-inherit elementor-widget elementor-widget-html\" data-id=\"b6ee278\" data-element_type=\"widget\" data-e-type=\"widget\" data-widget_type=\"html.default\">\n\t\t\t\t<div class=\"elementor-widget-container\">\n\t\t\t\t\t<script src=\"https:\/\/static.airtable.com\/js\/embed\/embed_snippet_v1.js\"><\/script><iframe class=\"airtable-embed airtable-dynamic-height\" src=\"https:\/\/airtable.com\/embed\/appioCfGfhs9PGZ4U\/shrkoSedUXynQUlpf\" frameborder=\"0\" onmousewheel=\"\" width=\"100%\" height=\"4275\" style=\"background: transparent; border: 1px solid #ccc;\"><\/iframe>\t\t\t\t<\/div>\n\t\t\t\t<\/div>\n\t\t\t\t\t<\/div>\n\t\t\t\t<\/div>\n\t\t\t\t<\/div>","protected":false},"excerpt":{"rendered":"<p>SOLICITAR BECA PLAZO DE SOLICITUD ABIERTO El plazo para solicitar la beca y aportar informaci\u00f3n termin\u00f3 el d\u00eda 09 de junio a las 23:59 horas. Muchas gracias por vuestro inter\u00e9s en el programa de becas para Space Camp Valencia.\u00a0 Nuestro objetivo es fomentar la inclusi\u00f3n, la diversidad y la igualdad de oportunidades para la pr\u00f3xima [&hellip;]<\/p>\n","protected":false},"author":1,"featured_media":0,"parent":0,"menu_order":0,"comment_status":"closed","ping_status":"closed","template":"","meta":{"_seopress_robots_primary_cat":"0","_seopress_titles_title":"","_seopress_titles_desc":"","_seopress_robots_index":"","footnotes":""},"class_list":["post-1674","page","type-page","status-publish","hentry"],"_links":{"self":[{"href":"https:\/\/spacecampvalencia.es\/en\/wp-json\/wp\/v2\/pages\/1674","targetHints":{"allow":["GET"]}}],"collection":[{"href":"https:\/\/spacecampvalencia.es\/en\/wp-json\/wp\/v2\/pages"}],"about":[{"href":"https:\/\/spacecampvalencia.es\/en\/wp-json\/wp\/v2\/types\/page"}],"author":[{"embeddable":true,"href":"https:\/\/spacecampvalencia.es\/en\/wp-json\/wp\/v2\/users\/1"}],"replies":[{"embeddable":true,"href":"https:\/\/spacecampvalencia.es\/en\/wp-json\/wp\/v2\/comments?post=1674"}],"version-history":[{"count":229,"href":"https:\/\/spacecampvalencia.es\/en\/wp-json\/wp\/v2\/pages\/1674\/revisions"}],"predecessor-version":[{"id":4574,"href":"https:\/\/spacecampvalencia.es\/en\/wp-json\/wp\/v2\/pages\/1674\/revisions\/4574"}],"wp:attachment":[{"href":"https:\/\/spacecampvalencia.es\/en\/wp-json\/wp\/v2\/media?parent=1674"}],"curies":[{"name":"wp","href":"https:\/\/api.w.org\/{rel}","templated":true}]}}