{"id":601,"date":"2024-02-28T11:20:34","date_gmt":"2024-02-28T11:20:34","guid":{"rendered":"https:\/\/spacecampvalencia.es\/?page_id=601"},"modified":"2024-02-28T11:46:43","modified_gmt":"2024-02-28T11:46:43","slug":"politica-de-privacidad","status":"publish","type":"page","link":"https:\/\/spacecampvalencia.es\/en\/politica-de-privacidad","title":{"rendered":"Privacy Policy"},"content":{"rendered":"<div data-elementor-type=\"wp-page\" data-elementor-id=\"601\" class=\"elementor elementor-601\" data-elementor-post-type=\"page\">\n\t\t\t\t<div class=\"elementor-element elementor-element-217aba20 e-flex e-con-boxed e-con e-parent\" data-id=\"217aba20\" data-element_type=\"container\" data-e-type=\"container\" data-settings=\"{&quot;background_background&quot;:&quot;classic&quot;}\">\n\t\t\t\t\t<div class=\"e-con-inner\">\n\t\t\t\t<div class=\"elementor-element elementor-element-7fece5e7 elementor-widget elementor-widget-spacer\" data-id=\"7fece5e7\" data-element_type=\"widget\" data-e-type=\"widget\" data-widget_type=\"spacer.default\">\n\t\t\t\t<div class=\"elementor-widget-container\">\n\t\t\t\t\t\t\t<div class=\"elementor-spacer\">\n\t\t\t<div class=\"elementor-spacer-inner\"><\/div>\n\t\t<\/div>\n\t\t\t\t\t\t<\/div>\n\t\t\t\t<\/div>\n\t\t\t\t<div class=\"elementor-element elementor-element-093e3cd elementor-widget elementor-widget-heading\" data-id=\"093e3cd\" data-element_type=\"widget\" data-e-type=\"widget\" data-widget_type=\"heading.default\">\n\t\t\t\t<div class=\"elementor-widget-container\">\n\t\t\t\t\t<h2 class=\"elementor-heading-title elementor-size-default\">Last Update: February 28th, 2024<\/h2>\t\t\t\t<\/div>\n\t\t\t\t<\/div>\n\t\t\t\t<div class=\"elementor-element elementor-element-64e13f38 elementor-widget elementor-widget-heading\" data-id=\"64e13f38\" data-element_type=\"widget\" data-e-type=\"widget\" data-widget_type=\"heading.default\">\n\t\t\t\t<div class=\"elementor-widget-container\">\n\t\t\t\t\t<h1 class=\"elementor-heading-title elementor-size-default\">Privacy Policy<\/h1>\t\t\t\t<\/div>\n\t\t\t\t<\/div>\n\t\t\t\t<div class=\"elementor-element elementor-element-1525a52b elementor-widget elementor-widget-heading\" data-id=\"1525a52b\" data-element_type=\"widget\" data-e-type=\"widget\" data-widget_type=\"heading.default\">\n\t\t\t\t<div class=\"elementor-widget-container\">\n\t\t\t\t\t<h1 class=\"elementor-heading-title elementor-size-default\">1. INFORMATION TO THE USER\n<\/h1>\t\t\t\t<\/div>\n\t\t\t\t<\/div>\n\t\t\t\t<div class=\"elementor-element elementor-element-2cc97101 elementor-widget elementor-widget-text-editor\" data-id=\"2cc97101\" data-element_type=\"widget\" data-e-type=\"widget\" data-widget_type=\"text-editor.default\">\n\t\t\t\t<div class=\"elementor-widget-container\">\n\t\t\t\t\t\t\t\t\t<p><strong>SCIENCE FANTASY, S.L.<\/strong>, as Responsible of the Treatment, informs you that, in accordance with the provisions of Regulation (EU) 2016\/679, of April 27, (RGPD) and the L.O. 3\/2018, of December 5, on data protection and guarantee of digital rights (LOPDGDD), we will treat your data as reflected in this Privacy Policy.<\/p><p>In this Privacy Policy we describe how we collect your personal data and why we collect it, what we do with it and who we share it with, how we protect it and your options regarding the treatment of your personal data.<\/p><p>This Policy is applied to your personal data treatment collected by the company for the provision of its services. If you accept the Policy measures, you agree to our processing of your personal data as defined in this Policy.<\/p>\t\t\t\t\t\t\t\t<\/div>\n\t\t\t\t<\/div>\n\t\t\t\t<div class=\"elementor-element elementor-element-1fbf19fd elementor-widget elementor-widget-heading\" data-id=\"1fbf19fd\" data-element_type=\"widget\" data-e-type=\"widget\" data-widget_type=\"heading.default\">\n\t\t\t\t<div class=\"elementor-widget-container\">\n\t\t\t\t\t<h1 class=\"elementor-heading-title elementor-size-default\">2. CONTACT\n<\/h1>\t\t\t\t<\/div>\n\t\t\t\t<\/div>\n\t\t\t\t<div class=\"elementor-element elementor-element-5db31db9 elementor-widget elementor-widget-text-editor\" data-id=\"5db31db9\" data-element_type=\"widget\" data-e-type=\"widget\" data-widget_type=\"text-editor.default\">\n\t\t\t\t<div class=\"elementor-widget-container\">\n\t\t\t\t\t\t\t\t\t<p>Corporate name:\u00a0<strong>SCIENCE FANTASY, S.L.<\/strong><br \/>Commercial name\u00a0<strong>SCIENCE SCHOOL<\/strong><br \/>CIF:\u00a0<strong>B-98546435<\/strong><br \/>Address:\u00a0<strong>90 Islas Canarias Street, 46021, Valencia, Spain<\/strong><br \/>E-mail\u00a0<strong><a href=\"mailto:hola@escueladeciencia.com\" target=\"_blank\" rel=\"noreferrer noopener\">hola@escueladeciencia.com<\/a><\/strong><\/p>\t\t\t\t\t\t\t\t<\/div>\n\t\t\t\t<\/div>\n\t\t\t\t<div class=\"elementor-element elementor-element-c1ce7a9 elementor-widget elementor-widget-heading\" data-id=\"c1ce7a9\" data-element_type=\"widget\" data-e-type=\"widget\" data-widget_type=\"heading.default\">\n\t\t\t\t<div class=\"elementor-widget-container\">\n\t\t\t\t\t<h1 class=\"elementor-heading-title elementor-size-default\">3. KEY PRINCIPLES<\/h1>\t\t\t\t<\/div>\n\t\t\t\t<\/div>\n\t\t\t\t<div class=\"elementor-element elementor-element-20521764 elementor-widget elementor-widget-text-editor\" data-id=\"20521764\" data-element_type=\"widget\" data-e-type=\"widget\" data-widget_type=\"text-editor.default\">\n\t\t\t\t<div class=\"elementor-widget-container\">\n\t\t\t\t\t\t\t\t\t<p>We have always been committed to provide our services with the highest level of quality, that includes treating your data with security and transparency. Our principles are:<\/p><ul><li><strong>Legality<\/strong>: We will only collect your personal Data for specific, explicit and legitimate purposes.<\/li><li><strong>Data minimization<\/strong>: We limit the collection of the personal data to what is strictly relevant and necessary for the purposes for which it was collected.<\/li><li><strong>Limitation of Purpose<\/strong>: We will only collect your personal data for the declared purposes and only according to your wishes.<\/li><li><strong>Precision<\/strong>: We will maintain your personal data exactly and exactly as is.<\/li><li><strong>Data Security<\/strong>: We apply the appropiate technical and organizational measures proportionate to the risks to ensure that your data do not suffer any damage , such as unauthorized disclosure or access, accidental or unlawful destruction or accidental loss or alteration and any other form of unlawful processing.<\/li><li><strong>Access and Rectification<\/strong>: We have means for you to access or rectify your data when you consider it appropiate.<\/li><li><strong>Conservation<\/strong>: We retain your personal data lawfully and appropiately and only while is it necessary for the purposes for which it was collected.<\/li><li><strong>International transferences<\/strong>: When your data is to be transfered outside UE\/EEE it will be adequately protected.<\/li><li><strong>Third Parties<\/strong>: The access and transference of personal data to third parties are carried out in accordance with applicable lays and regulations and with appropiate contractual guarantees.<\/li><li><strong>Direct Marketing and cookies<\/strong>: We comply with the applicable legislation regarding advertising and cookies.<\/li><\/ul>\t\t\t\t\t\t\t\t<\/div>\n\t\t\t\t<\/div>\n\t\t\t\t<div class=\"elementor-element elementor-element-4eaee07a elementor-widget elementor-widget-heading\" data-id=\"4eaee07a\" data-element_type=\"widget\" data-e-type=\"widget\" data-widget_type=\"heading.default\">\n\t\t\t\t<div class=\"elementor-widget-container\">\n\t\t\t\t\t<h1 class=\"elementor-heading-title elementor-size-default\">4. COLLECTING AND PROCESSING OF YOUR PERSONAL DATA<\/h1>\t\t\t\t<\/div>\n\t\t\t\t<\/div>\n\t\t\t\t<div class=\"elementor-element elementor-element-62528938 elementor-widget elementor-widget-text-editor\" data-id=\"62528938\" data-element_type=\"widget\" data-e-type=\"widget\" data-widget_type=\"text-editor.default\">\n\t\t\t\t<div class=\"elementor-widget-container\">\n\t\t\t\t\t\t\t\t\t<p>The type of data that can be solicited and processed are:<\/p><ul><li>Identification Data.<\/li><\/ul><p>We will also collect data of your visit on our web site automatically as described in the cookies' policy.<\/p><p>Everytime we solicitate your personal data, we will clearly inform you about which personal data we collect and its purpose. In general, we collect and process your personal data with the purpose of:<\/p><ul><li>Provide information, services, products, relevant information and news on the sector.<\/li><li>Sending communications.<\/li><\/ul>\t\t\t\t\t\t\t\t<\/div>\n\t\t\t\t<\/div>\n\t\t\t\t<div class=\"elementor-element elementor-element-594c9457 elementor-widget elementor-widget-heading\" data-id=\"594c9457\" data-element_type=\"widget\" data-e-type=\"widget\" data-widget_type=\"heading.default\">\n\t\t\t\t<div class=\"elementor-widget-container\">\n\t\t\t\t\t<h1 class=\"elementor-heading-title elementor-size-default\">5. LEGITIMACY<\/h1>\t\t\t\t<\/div>\n\t\t\t\t<\/div>\n\t\t\t\t<div class=\"elementor-element elementor-element-28c4e619 elementor-widget elementor-widget-text-editor\" data-id=\"28c4e619\" data-element_type=\"widget\" data-e-type=\"widget\" data-widget_type=\"text-editor.default\">\n\t\t\t\t<div class=\"elementor-widget-container\">\n\t\t\t\t\t\t\t\t\t<p>According with the data protection applicable normative, your personal data will be able to be processed as long as:<\/p><ul><li>You have given us your consent for the purposes of the treatment. Of course you can withdraw your consent at any time.<\/li><li>By legal requirement.<\/li><li>Because there is a legitimate interest that is not undermined by your privacy rights, such as the sending of commercial information either by suscribing to our newsletter or by being a client.<\/li><li>Because it is necessary for the provision of any of our services through a contractual relationship between you and us.<\/li><\/ul>\t\t\t\t\t\t\t\t<\/div>\n\t\t\t\t<\/div>\n\t\t\t\t<div class=\"elementor-element elementor-element-7572e65e elementor-widget elementor-widget-heading\" data-id=\"7572e65e\" data-element_type=\"widget\" data-e-type=\"widget\" data-widget_type=\"heading.default\">\n\t\t\t\t<div class=\"elementor-widget-container\">\n\t\t\t\t\t<h1 class=\"elementor-heading-title elementor-size-default\">6. PERSONAL DATA COMUNICATION<\/h1>\t\t\t\t<\/div>\n\t\t\t\t<\/div>\n\t\t\t\t<div class=\"elementor-element elementor-element-5eefb09a elementor-widget elementor-widget-text-editor\" data-id=\"5eefb09a\" data-element_type=\"widget\" data-e-type=\"widget\" data-widget_type=\"text-editor.default\">\n\t\t\t\t<div class=\"elementor-widget-container\">\n\t\t\t\t\t\t\t\t\t<p>Data can be communicated to companies related to\u00a0<strong>SCIENCE FANTASY,<\/strong><strong>\u00a0S.L.<\/strong>\u00a0for the provision of various services as the Responsible of the Treatment. The company will not make any cession, except by legal obligation.<\/p>\t\t\t\t\t\t\t\t<\/div>\n\t\t\t\t<\/div>\n\t\t\t\t<div class=\"elementor-element elementor-element-3691496f elementor-widget elementor-widget-heading\" data-id=\"3691496f\" data-element_type=\"widget\" data-e-type=\"widget\" data-widget_type=\"heading.default\">\n\t\t\t\t<div class=\"elementor-widget-container\">\n\t\t\t\t\t<h1 class=\"elementor-heading-title elementor-size-default\">7. YOUR RIGHTS<\/h1>\t\t\t\t<\/div>\n\t\t\t\t<\/div>\n\t\t\t\t<div class=\"elementor-element elementor-element-6046f5a0 elementor-widget elementor-widget-text-editor\" data-id=\"6046f5a0\" data-element_type=\"widget\" data-e-type=\"widget\" data-widget_type=\"text-editor.default\">\n\t\t\t\t<div class=\"elementor-widget-container\">\n\t\t\t\t\t\t\t\t\t<p>In relation with the collection and treatment of your personal data, you can contact with us in any moment for:<\/p><ul><li>Access to your personal data and another indicated information in the Article 15.1 of RGPD.<\/li><li>Rectify your personal data if they are inaccurate or if they are incomplete according with the Article 16 of RGPD.<\/li><li>Suppress your personal data according with the Article 17 of RGPD.<\/li><li>Limit the processing of your personal data according with the Article 18 of RGPD.<\/li><li>Request the portability of your data according with the Article 20 of\u00a0<a href=\"https:\/\/presencialismo.com\/\" target=\"_blank\" rel=\"noreferrer noopener\">RGPD<\/a>.<\/li><li>Stand against the processing of your personal data according with the Article 21 of RGPD.<\/li><\/ul><p>If you have given consent for a specific purpose, you have the right to withdraw the given consent in any moment, without affecting the legality of the processing based on the prior consent to its withdrawal.\u00a0<a href=\"https:\/\/presencialismo.com\/\" target=\"_blank\" rel=\"noreferrer noopener\">hrh<\/a>.<\/p><p>You can exercise these rights by sending a motivated and accredited communication, to\u00a0<a href=\"mailto:hola@escueladeciencia.com\" target=\"_blank\" rel=\"noreferrer noopener\">hola@escueladeciencia.com<\/a><\/p><p>You also have the right to file a complaint with the competent supervisory authority (<a href=\"https:\/\/aepd.es\/\" target=\"_blank\" rel=\"noreferrer noopener\">www.aepd.es<\/a>) if you consider that the processing does not comply with the current regulations.<\/p>\t\t\t\t\t\t\t\t<\/div>\n\t\t\t\t<\/div>\n\t\t\t\t<div class=\"elementor-element elementor-element-43a3d471 elementor-widget elementor-widget-heading\" data-id=\"43a3d471\" data-element_type=\"widget\" data-e-type=\"widget\" data-widget_type=\"heading.default\">\n\t\t\t\t<div class=\"elementor-widget-container\">\n\t\t\t\t\t<h1 class=\"elementor-heading-title elementor-size-default\">8. LEGAL INFORMATION<\/h1>\t\t\t\t<\/div>\n\t\t\t\t<\/div>\n\t\t\t\t<div class=\"elementor-element elementor-element-3099c2a8 elementor-widget elementor-widget-text-editor\" data-id=\"3099c2a8\" data-element_type=\"widget\" data-e-type=\"widget\" data-widget_type=\"text-editor.default\">\n\t\t\t\t<div class=\"elementor-widget-container\">\n\t\t\t\t\t\t\t\t\t<p>The requirements of this Policy complement, and do not replace, any other requirements under applicable data protection law, which will prevail in any case.<\/p><p>This Policy is subject to periodic review and may be modified by the company at any time. When this occurs, we will notify you of any changes and ask you to re-read the most recent version of our Policy and confirm your acceptance.<\/p>\t\t\t\t\t\t\t\t<\/div>\n\t\t\t\t<\/div>\n\t\t\t\t<div class=\"elementor-element elementor-element-41b852ce elementor-widget elementor-widget-spacer\" data-id=\"41b852ce\" data-element_type=\"widget\" data-e-type=\"widget\" data-widget_type=\"spacer.default\">\n\t\t\t\t<div class=\"elementor-widget-container\">\n\t\t\t\t\t\t\t<div class=\"elementor-spacer\">\n\t\t\t<div class=\"elementor-spacer-inner\"><\/div>\n\t\t<\/div>\n\t\t\t\t\t\t<\/div>\n\t\t\t\t<\/div>\n\t\t\t\t\t<\/div>\n\t\t\t\t<\/div>\n\t\t\t\t<\/div>","protected":false},"excerpt":{"rendered":"<p>\u00daltima actualizaci\u00f3n: 28 de febrero de 2024 Pol\u00edtica de Privacidad 1. INFORMACI\u00d3N AL USUARIO SCIENCE FANTASY, S.L., como Responsable del Tratamiento, le informa que, seg\u00fan lo dispuesto en el Reglamento (UE) 2016\/679, de 27 de abril, (RGPD) y en la L.O. 3\/2018, de 5 de diciembre, de protecci\u00f3n de datos y garant\u00eda de los derechos [&hellip;]<\/p>\n","protected":false},"author":1,"featured_media":0,"parent":0,"menu_order":0,"comment_status":"closed","ping_status":"closed","template":"","meta":{"_seopress_robots_primary_cat":"0","_seopress_titles_title":"","_seopress_titles_desc":"","_seopress_robots_index":"","footnotes":""},"class_list":["post-601","page","type-page","status-publish","hentry"],"_links":{"self":[{"href":"https:\/\/spacecampvalencia.es\/en\/wp-json\/wp\/v2\/pages\/601","targetHints":{"allow":["GET"]}}],"collection":[{"href":"https:\/\/spacecampvalencia.es\/en\/wp-json\/wp\/v2\/pages"}],"about":[{"href":"https:\/\/spacecampvalencia.es\/en\/wp-json\/wp\/v2\/types\/page"}],"author":[{"embeddable":true,"href":"https:\/\/spacecampvalencia.es\/en\/wp-json\/wp\/v2\/users\/1"}],"replies":[{"embeddable":true,"href":"https:\/\/spacecampvalencia.es\/en\/wp-json\/wp\/v2\/comments?post=601"}],"version-history":[{"count":10,"href":"https:\/\/spacecampvalencia.es\/en\/wp-json\/wp\/v2\/pages\/601\/revisions"}],"predecessor-version":[{"id":649,"href":"https:\/\/spacecampvalencia.es\/en\/wp-json\/wp\/v2\/pages\/601\/revisions\/649"}],"wp:attachment":[{"href":"https:\/\/spacecampvalencia.es\/en\/wp-json\/wp\/v2\/media?parent=601"}],"curies":[{"name":"wp","href":"https:\/\/api.w.org\/{rel}","templated":true}]}}